{"id":10119,"date":"2022-08-06T08:20:10","date_gmt":"2022-08-06T06:20:10","guid":{"rendered":"https:\/\/wp.themedemo.org\/WP02\/WP030\/?page_id=10119"},"modified":"2026-04-13T21:04:42","modified_gmt":"2026-04-13T19:04:42","slug":"hogares","status":"publish","type":"page","link":"https:\/\/conapran.cl\/?page_id=10119","title":{"rendered":"Hogares"},"content":{"rendered":"\t\t<div data-elementor-type=\"wp-page\" data-elementor-id=\"10119\" class=\"elementor elementor-10119\" data-elementor-post-type=\"page\">\n\t\t\t\t\t\t<div class=\"elementor-section elementor-top-section elementor-element elementor-element-c55880c elementor-section-full_width elementor-section-stretched elementor-section-height-default elementor-section-height-default\" data-id=\"c55880c\" data-element_type=\"section\" data-settings=\"{&quot;stretch_section&quot;:&quot;section-stretched&quot;,&quot;background_background&quot;:&quot;classic&quot;}\">\n\t\t\t\t\t\t<div class=\"elementor-container elementor-column-gap-default\">\n\t\t\t\t\t<div class=\"elementor-column elementor-col-100 elementor-top-column elementor-element elementor-element-db58282\" data-id=\"db58282\" data-element_type=\"column\">\n\t\t\t<div class=\"elementor-widget-wrap elementor-element-populated\">\n\t\t\t\t\t\t<div class=\"elementor-element elementor-element-27c1bb1 elementor-widget elementor-widget-heading\" data-id=\"27c1bb1\" data-element_type=\"widget\" data-widget_type=\"heading.default\">\n\t\t\t\t<div class=\"elementor-widget-container\">\n\t\t\t<span class=\"elementor-heading-title elementor-size-default\">-<\/span>\t\t<\/div>\n\t\t\t\t<\/div>\n\t\t\t\t<div class=\"elementor-element elementor-element-cfa733e elementor-widget elementor-widget-heading\" data-id=\"cfa733e\" data-element_type=\"widget\" data-widget_type=\"heading.default\">\n\t\t\t\t<div class=\"elementor-widget-container\">\n\t\t\t<h2 class=\"elementor-heading-title elementor-size-default\">conoce nuestros hogares<\/h2>\t\t<\/div>\n\t\t\t\t<\/div>\n\t\t\t\t<section class=\"elementor-section elementor-inner-section elementor-element elementor-element-ebf5729 elementor-section-boxed elementor-section-height-default elementor-section-height-default\" data-id=\"ebf5729\" data-element_type=\"section\">\n\t\t\t\t\t\t<div class=\"elementor-container elementor-column-gap-default\">\n\t\t\t\t\t<div class=\"elementor-column elementor-col-33 elementor-inner-column elementor-element elementor-element-1f21e7c\" data-id=\"1f21e7c\" data-element_type=\"column\">\n\t\t\t<div class=\"elementor-widget-wrap elementor-element-populated\">\n\t\t\t\t\t\t<div class=\"elementor-element elementor-element-ea29a97 elementor-position-top elementor-widget elementor-widget-image-box\" data-id=\"ea29a97\" data-element_type=\"widget\" data-widget_type=\"image-box.default\">\n\t\t\t\t<div class=\"elementor-widget-container\">\n\t\t\t<div class=\"elementor-image-box-wrapper\"><figure class=\"elementor-image-box-img\"><a href=\"https:\/\/conapran.cl\/?page_id=15135&#038;v=cda73baae416\" tabindex=\"-1\"><img fetchpriority=\"high\" decoding=\"async\" width=\"1400\" height=\"976\" src=\"https:\/\/i0.wp.com\/conapran.cl\/wp-content\/uploads\/2023\/11\/San-Javier.jpg?fit=1400%2C976&amp;ssl=1\" class=\"attachment-full size-full wp-image-15354\" alt=\"\" srcset=\"https:\/\/i0.wp.com\/conapran.cl\/wp-content\/uploads\/2023\/11\/San-Javier.jpg?w=1400&amp;ssl=1 1400w, https:\/\/i0.wp.com\/conapran.cl\/wp-content\/uploads\/2023\/11\/San-Javier.jpg?resize=300%2C209&amp;ssl=1 300w, https:\/\/i0.wp.com\/conapran.cl\/wp-content\/uploads\/2023\/11\/San-Javier.jpg?resize=1024%2C714&amp;ssl=1 1024w, https:\/\/i0.wp.com\/conapran.cl\/wp-content\/uploads\/2023\/11\/San-Javier.jpg?resize=768%2C535&amp;ssl=1 768w, https:\/\/i0.wp.com\/conapran.cl\/wp-content\/uploads\/2023\/11\/San-Javier.jpg?resize=1320%2C920&amp;ssl=1 1320w, https:\/\/i0.wp.com\/conapran.cl\/wp-content\/uploads\/2023\/11\/San-Javier.jpg?resize=600%2C418&amp;ssl=1 600w\" sizes=\"(max-width: 1400px) 100vw, 1400px\" \/><\/a><\/figure><div class=\"elementor-image-box-content\"><h4 class=\"elementor-image-box-title\"><a href=\"https:\/\/conapran.cl\/?page_id=15135&#038;v=cda73baae416\">ELEAM Carolina Salgado<\/a><\/h4><p class=\"elementor-image-box-description\">San Javier - Maule<\/p><\/div><\/div>\t\t<\/div>\n\t\t\t\t<\/div>\n\t\t\t\t\t<\/div>\n\t\t<\/div>\n\t\t\t\t<div class=\"elementor-column elementor-col-33 elementor-inner-column elementor-element elementor-element-db867c2\" data-id=\"db867c2\" data-element_type=\"column\">\n\t\t\t<div class=\"elementor-widget-wrap elementor-element-populated\">\n\t\t\t\t\t\t<div class=\"elementor-element elementor-element-f0faf1f elementor-position-top elementor-widget elementor-widget-image-box\" data-id=\"f0faf1f\" data-element_type=\"widget\" data-widget_type=\"image-box.default\">\n\t\t\t\t<div class=\"elementor-widget-container\">\n\t\t\t<div class=\"elementor-image-box-wrapper\"><figure class=\"elementor-image-box-img\"><a href=\"https:\/\/conapran.cl\/?page_id=15039&#038;v=cda73baae416\" tabindex=\"-1\"><img decoding=\"async\" width=\"1400\" height=\"976\" src=\"https:\/\/i0.wp.com\/conapran.cl\/wp-content\/uploads\/2023\/11\/La-Reina.jpg?fit=1400%2C976&amp;ssl=1\" class=\"attachment-full size-full wp-image-15357\" alt=\"\" srcset=\"https:\/\/i0.wp.com\/conapran.cl\/wp-content\/uploads\/2023\/11\/La-Reina.jpg?w=1400&amp;ssl=1 1400w, https:\/\/i0.wp.com\/conapran.cl\/wp-content\/uploads\/2023\/11\/La-Reina.jpg?resize=300%2C209&amp;ssl=1 300w, https:\/\/i0.wp.com\/conapran.cl\/wp-content\/uploads\/2023\/11\/La-Reina.jpg?resize=1024%2C714&amp;ssl=1 1024w, https:\/\/i0.wp.com\/conapran.cl\/wp-content\/uploads\/2023\/11\/La-Reina.jpg?resize=768%2C535&amp;ssl=1 768w, https:\/\/i0.wp.com\/conapran.cl\/wp-content\/uploads\/2023\/11\/La-Reina.jpg?resize=1320%2C920&amp;ssl=1 1320w, https:\/\/i0.wp.com\/conapran.cl\/wp-content\/uploads\/2023\/11\/La-Reina.jpg?resize=600%2C418&amp;ssl=1 600w\" sizes=\"(max-width: 1400px) 100vw, 1400px\" \/><\/a><\/figure><div class=\"elementor-image-box-content\"><h4 class=\"elementor-image-box-title\"><a href=\"https:\/\/conapran.cl\/?page_id=15039&#038;v=cda73baae416\">ELEAM La Reina<\/a><\/h4><p class=\"elementor-image-box-description\">La Reina - Regi\u00f3n Metropolitana<\/p><\/div><\/div>\t\t<\/div>\n\t\t\t\t<\/div>\n\t\t\t\t\t<\/div>\n\t\t<\/div>\n\t\t\t\t<div class=\"elementor-column elementor-col-33 elementor-inner-column elementor-element elementor-element-0bc94ca\" data-id=\"0bc94ca\" data-element_type=\"column\">\n\t\t\t<div class=\"elementor-widget-wrap elementor-element-populated\">\n\t\t\t\t\t\t<div class=\"elementor-element elementor-element-1a28c9f elementor-position-top elementor-widget elementor-widget-image-box\" data-id=\"1a28c9f\" data-element_type=\"widget\" data-widget_type=\"image-box.default\">\n\t\t\t\t<div class=\"elementor-widget-container\">\n\t\t\t<div class=\"elementor-image-box-wrapper\"><figure class=\"elementor-image-box-img\"><a href=\"https:\/\/conapran.cl\/?page_id=15064&#038;v=cda73baae416\" tabindex=\"-1\"><img decoding=\"async\" width=\"1400\" height=\"976\" src=\"https:\/\/i0.wp.com\/conapran.cl\/wp-content\/uploads\/2023\/11\/Nuestra-Senora-de-los-Angeles.jpg?fit=1400%2C976&amp;ssl=1\" class=\"attachment-full size-full wp-image-15359\" alt=\"\" srcset=\"https:\/\/i0.wp.com\/conapran.cl\/wp-content\/uploads\/2023\/11\/Nuestra-Senora-de-los-Angeles.jpg?w=1400&amp;ssl=1 1400w, https:\/\/i0.wp.com\/conapran.cl\/wp-content\/uploads\/2023\/11\/Nuestra-Senora-de-los-Angeles.jpg?resize=300%2C209&amp;ssl=1 300w, https:\/\/i0.wp.com\/conapran.cl\/wp-content\/uploads\/2023\/11\/Nuestra-Senora-de-los-Angeles.jpg?resize=1024%2C714&amp;ssl=1 1024w, https:\/\/i0.wp.com\/conapran.cl\/wp-content\/uploads\/2023\/11\/Nuestra-Senora-de-los-Angeles.jpg?resize=768%2C535&amp;ssl=1 768w, https:\/\/i0.wp.com\/conapran.cl\/wp-content\/uploads\/2023\/11\/Nuestra-Senora-de-los-Angeles.jpg?resize=1320%2C920&amp;ssl=1 1320w, https:\/\/i0.wp.com\/conapran.cl\/wp-content\/uploads\/2023\/11\/Nuestra-Senora-de-los-Angeles.jpg?resize=600%2C418&amp;ssl=1 600w\" sizes=\"(max-width: 1400px) 100vw, 1400px\" \/><\/a><\/figure><div class=\"elementor-image-box-content\"><h4 class=\"elementor-image-box-title\"><a href=\"https:\/\/conapran.cl\/?page_id=15064&#038;v=cda73baae416\">ELEAM Nuestra Se\u00f1ora de los \u00c1ngeles<\/a><\/h4><p class=\"elementor-image-box-description\">Las Condes - Regi\u00f3n Metropolitana<\/p><\/div><\/div>\t\t<\/div>\n\t\t\t\t<\/div>\n\t\t\t\t\t<\/div>\n\t\t<\/div>\n\t\t\t\t\t<\/div>\n\t\t<\/section>\n\t\t\t\t\t<\/div>\n\t\t<\/div>\n\t\t\t\t\t<\/div>\n\t\t<\/div>\n\t\t\t\t<\/div>\n\t\t","protected":false},"excerpt":{"rendered":"<p>&#8211; conoce nuestros hogares ELEAM Carolina Salgado San Javier &#8211; Maule ELEAM La Reina La Reina &#8211; Regi\u00f3n Metropolitana ELEAM Nuestra Se\u00f1ora de los \u00c1ngeles Las Condes &#8211; Regi\u00f3n Metropolitana<\/p>\n","protected":false},"author":1,"featured_media":0,"parent":0,"menu_order":0,"comment_status":"closed","ping_status":"closed","template":"","meta":{"om_disable_all_campaigns":false,"_monsterinsights_skip_tracking":false,"_monsterinsights_sitenote_active":false,"_monsterinsights_sitenote_note":"","_monsterinsights_sitenote_category":0,"_tbt_post_transparent":"","_tbt_post_title":"default","_tbt_post_layout":"normal","_tbt_post_sidebar_id":"","_tbt_post_content_style":"unboxed","_tbt_post_vertical_padding":"hide","_tbt_post_feature":"hide","_tbt_post_feature_position":"","_tbt_post_header":false,"_tbt_post_footer":false,"footnotes":""},"acf":[],"aioseo_notices":[],"jetpack_sharing_enabled":true,"_links":{"self":[{"href":"https:\/\/conapran.cl\/index.php?rest_route=\/wp\/v2\/pages\/10119"}],"collection":[{"href":"https:\/\/conapran.cl\/index.php?rest_route=\/wp\/v2\/pages"}],"about":[{"href":"https:\/\/conapran.cl\/index.php?rest_route=\/wp\/v2\/types\/page"}],"author":[{"embeddable":true,"href":"https:\/\/conapran.cl\/index.php?rest_route=\/wp\/v2\/users\/1"}],"replies":[{"embeddable":true,"href":"https:\/\/conapran.cl\/index.php?rest_route=%2Fwp%2Fv2%2Fcomments&post=10119"}],"version-history":[{"count":59,"href":"https:\/\/conapran.cl\/index.php?rest_route=\/wp\/v2\/pages\/10119\/revisions"}],"predecessor-version":[{"id":15674,"href":"https:\/\/conapran.cl\/index.php?rest_route=\/wp\/v2\/pages\/10119\/revisions\/15674"}],"wp:attachment":[{"href":"https:\/\/conapran.cl\/index.php?rest_route=%2Fwp%2Fv2%2Fmedia&parent=10119"}],"curies":[{"name":"wp","href":"https:\/\/api.w.org\/{rel}","templated":true}]}}